{"id":2869,"date":"2021-05-14T16:05:31","date_gmt":"2021-05-14T14:05:31","guid":{"rendered":"http:\/\/www.kongres-kami.sk\/psychiatry\/?page_id=2869"},"modified":"2023-10-11T13:05:07","modified_gmt":"2023-10-11T11:05:07","slug":"maintenance","status":"publish","type":"page","link":"https:\/\/www.kongres-kami.sk\/psychiatry\/maintenance\/","title":{"rendered":"Maintenance"},"content":{"rendered":"<!--themify_builder_content-->\n<div id=\"themify_builder_content-2869\" data-postid=\"2869\" class=\"themify_builder_content themify_builder_content-2869 themify_builder tf_clear\">\n                    <div data-css_id=\"ya4l150\" data-lazy=\"1\" class=\"module_row themify_builder_row fullheight fullwidth_row_container tb_ya4l150 tb_first tf_w\">\n                        <div class=\"row_inner col_align_middle tb_col_count_1 tf_box tf_rel\">\n                        <div data-lazy=\"1\" class=\"module_column tb-column col-full tb_cvir151 first\">\n                    <!-- module plain text -->\n<div class=\"module module-plain-text tb_hggi152 \" data-lazy=\"1\">\n        <div class=\"tb_text_wrap\">\n    <center><h1>STR\u00c1NKY SA AKTUALIZUJ\u00da<\/h1><\/center>    <\/div>\n<\/div>\n<!-- \/module plain text --><!-- module buttons -->\n<div class=\"module module-buttons tb_cp07813 buttons-horizontal solid  xlarge circle\" data-lazy=\"1\">\n        <div class=\"module-buttons-item tf_in_flx\">\n                        <a href=\"https:\/\/kamikongres.sk\/spz\/\" class=\"ui builder_button tf_in_flx red\">\n                                                XVI. SLOVENSK\u00dd PSYCHIATRICK\u00dd ZJAZD                                        <em><svg class=\"tf_fa tf-fas-arrow-alt-circle-right\" aria-hidden=\"true\" xmlns:xlink=\"http:\/\/www.w3.org\/1999\/xlink\"><use href=\"#tf-fas-arrow-alt-circle-right\" xlink:href=\"#tf-fas-arrow-alt-circle-right\" \/><\/svg><\/em>                            <\/a>\n                <\/div>\n            <\/div>\n<!-- \/module buttons -->\n        <\/div>\n                        <\/div>\n        <\/div>\n        <\/div>\n<!--\/themify_builder_content-->","protected":false},"excerpt":{"rendered":"<p>STR\u00c1NKY SA AKTUALIZUJ\u00da XVI. SLOVENSK\u00dd PSYCHIATRICK\u00dd ZJAZD<\/p>\n","protected":false},"author":1,"featured_media":0,"parent":0,"menu_order":20,"comment_status":"closed","ping_status":"closed","template":"","meta":{"wp_typography_post_enhancements_disabled":false,"footnotes":""},"class_list":["post-2869","page","type-page","status-publish","hentry","has-post-title","has-post-date","has-post-category","has-post-tag","has-post-comment","has-post-author",""],"_links":{"self":[{"href":"https:\/\/www.kongres-kami.sk\/psychiatry\/wp-json\/wp\/v2\/pages\/2869","targetHints":{"allow":["GET"]}}],"collection":[{"href":"https:\/\/www.kongres-kami.sk\/psychiatry\/wp-json\/wp\/v2\/pages"}],"about":[{"href":"https:\/\/www.kongres-kami.sk\/psychiatry\/wp-json\/wp\/v2\/types\/page"}],"author":[{"embeddable":true,"href":"https:\/\/www.kongres-kami.sk\/psychiatry\/wp-json\/wp\/v2\/users\/1"}],"replies":[{"embeddable":true,"href":"https:\/\/www.kongres-kami.sk\/psychiatry\/wp-json\/wp\/v2\/comments?post=2869"}],"version-history":[{"count":5,"href":"https:\/\/www.kongres-kami.sk\/psychiatry\/wp-json\/wp\/v2\/pages\/2869\/revisions"}],"predecessor-version":[{"id":3297,"href":"https:\/\/www.kongres-kami.sk\/psychiatry\/wp-json\/wp\/v2\/pages\/2869\/revisions\/3297"}],"wp:attachment":[{"href":"https:\/\/www.kongres-kami.sk\/psychiatry\/wp-json\/wp\/v2\/media?parent=2869"}],"curies":[{"name":"wp","href":"https:\/\/api.w.org\/{rel}","templated":true}]}}