{"id":1846,"date":"2023-03-06T14:35:47","date_gmt":"2023-03-06T13:35:47","guid":{"rendered":"https:\/\/www.kongres-kami.sk\/halakovedni\/kongres-spankovej-mediciny\/informacie-copy\/"},"modified":"2023-09-25T16:05:52","modified_gmt":"2023-09-25T14:05:52","slug":"program","status":"publish","type":"page","link":"https:\/\/www.kongres-kami.sk\/halakovedni\/kongres\/program\/","title":{"rendered":"Program"},"content":{"rendered":"<!--themify_builder_content-->\n<div id=\"themify_builder_content-1846\" data-postid=\"1846\" class=\"themify_builder_content themify_builder_content-1846 themify_builder tf_clear\">\n                    <div data-lazy=\"1\" class=\"module_row themify_builder_row tb_rymz688 tb_first tf_w\">\n                        <div class=\"row_inner col_align_top tb_col_count_1 tf_box tf_rel\">\n                        <div data-lazy=\"1\" class=\"module_column tb-column col4-2 tb_94pi494 first\">\n                    <!-- module template_part -->\n<div class=\"module module-layout-part tb_j0xu006 \">\n    <div class=\"tb_layout_part_wrap tf_w\"><!--themify_builder_content-->\n    <div class=\"themify_builder_content themify_builder_content-1594 themify_builder not_editable_builder in_the_loop\" data-postid=\"1594\">\n                        <div data-lazy=\"1\" class=\"module_row themify_builder_row tb_nmxa613 tf_w\">\n                        <div class=\"row_inner col_align_top tb_col_count_1 tf_box tf_rel\">\n                        <div data-lazy=\"1\" class=\"module_column tb-column col-full tb_otfl111 first\">\n                    <!-- module fancy heading -->\n<div class=\"module module-fancy-heading tb_yyn6177 \" data-lazy=\"1\">\n        <h1 class=\"fancy-heading tf_textc\">\n    <span class=\"main-head tf_block\">\n                    XXIV. \u010cesk\u00fd a&nbsp;XIX. \u010cesko-Slovensk\u00fd<br>kongres sp\u00e1nkovej medic\u00edny<br>a XII. Ha\u013e\u00e1kove dni&nbsp;<\/span>\n\n    \n    <span class=\"sub-head tf_block tf_rel\">\n                    5. \u2013 7. okt\u00f3ber 2023 \u2022 hotel Holiday Inn \u017dilina&nbsp;<\/span>\n    <\/h1>\n<\/div>\n<!-- \/module fancy heading -->\n        <\/div>\n                        <\/div>\n        <\/div>\n            <\/div>\n<!--\/themify_builder_content--><\/div>\n<\/div>\n<!-- \/module template_part --><!-- module template_part -->\n<div class=\"module module-layout-part tb_y79z089 \">\n    <div class=\"tb_layout_part_wrap tf_w\"><!--themify_builder_content-->\n    <div class=\"themify_builder_content themify_builder_content-1789 themify_builder not_editable_builder in_the_loop\" data-postid=\"1789\">\n                        <div data-lazy=\"1\" class=\"module_row themify_builder_row tb_9buj422 tf_w\">\n                        <div class=\"row_inner col_align_top tb_col_count_1 tf_box tf_rel\">\n                        <div data-lazy=\"1\" class=\"module_column tb-column col-full tb_62qa422 first\">\n                    <!-- module menu -->\n<div class=\"module module-menu tb_ex2v422  mobile-menu-slide\" data-menu-style=\"mobile-menu-slide\" data-menu-breakpoint=\"800\" data-menu-direction=\"right\" data-element-id=\"tb_ex2v422\" data-lazy=\"1\">\n            <style>\n            @media(max-width:800px){\n                .tb_ex2v422 .menu-module-burger{\n                    display:inline-block\n                }\n                .tb_ex2v422 .module-menu-container{\n                    display:none\n                }\n                .tb_ex2v422 .module-menu-container.is-open{\n                    display:block\n                }\n            }\n        <\/style>\n        <a rel=\"nofollow\" href=\"#\" class=\"tf_hide menu-module-burger\">\n            <span class=\"menu-module-burger-inner tf_inline_b tf_rel\"><\/span>\n            <span class=\"screen-reader-text\">Menu<\/span>\n        <\/a>\n        \n    <div class=\"module-menu-container\"><ul id=\"menu-kongres-spankovej-mediciny\" class=\"ui tf_clearfix nav tf_rel tf_scrollbar fullwidth blue gradient\"><li id=\"menu-item-1534\" class=\"menu-item-page-1509 menu-item menu-item-type-post_type menu-item-object-page menu-item-1534\"><a href=\"https:\/\/www.kongres-kami.sk\/halakovedni\/kongres\/\">\u00davod<\/a><\/li>\n<li id=\"menu-item-1842\" class=\"menu-item-page-1829 menu-item menu-item-type-post_type menu-item-object-page menu-item-1842\"><a href=\"https:\/\/www.kongres-kami.sk\/halakovedni\/kongres\/informacie\/\">Inform\u00e1cie<\/a><\/li>\n<li id=\"menu-item-1821\" class=\"menu-item-page-1813 menu-item menu-item-type-post_type menu-item-object-page menu-item-1821\"><a href=\"https:\/\/www.kongres-kami.sk\/halakovedni\/kongres\/registracia\/\">Regis\u00adtr\u00e1\u00adcia<\/a><\/li>\n<li id=\"menu-item-1852\" class=\"menu-item-page-1846 menu-item menu-item-type-post_type menu-item-object-page menu-item-1852\"><a href=\"https:\/\/www.kongres-kami.sk\/halakovedni\/kongres\/program\/\">Pro\u00adgram<\/a><\/li>\n<li id=\"menu-item-1865\" class=\"menu-item-page-1860 menu-item menu-item-type-post_type menu-item-object-page menu-item-1865\"><a href=\"https:\/\/www.kongres-kami.sk\/halakovedni\/kongres\/ubytovanie\/\">Ubytovanie<\/a><\/li>\n<li id=\"menu-item-1778\" class=\"menu-item-page-1754 menu-item menu-item-type-post_type menu-item-object-page menu-item-has-children menu-item-1778\"><a href=\"https:\/\/www.kongres-kami.sk\/halakovedni\/kongres\/partneri\/\">Part\u00adneri<span class=\"child-arrow closed\" tabindex=\"-1\"><\/span><\/a>\n<ul class=\"sub-menu\">\n\t<li id=\"menu-item-2030\" class=\"menu-item-custom-2030 menu-item menu-item-type-custom menu-item-object-custom menu-item-2030 menu-custom-2030-parent-1778\"><a href=\"https:\/\/www.kongres-kami.sk\/halakovedni\/kongres-spankovej-mediciny\/partneri\/#partnerstvo\">Pod\u00admi\u00aden\u00adky partnerstva<\/a><\/li>\n<\/ul>\n<\/li>\n<li id=\"menu-item-1783\" class=\"menu-item-custom-1783 menu-item menu-item-type-custom menu-item-object-custom menu-item-1783\"><a href=\"#pll_switcher\">Lan\u00adguages<\/a><\/li>\n<\/ul><\/div>        <style>\n            .mobile-menu-module[data-module=\"tb_ex2v422\"]{\n                right:-300px            }\n        <\/style>\n    <\/div>\n<!-- \/module menu -->\n        <\/div>\n                        <\/div>\n        <\/div>\n            <\/div>\n<!--\/themify_builder_content--><\/div>\n<\/div>\n<!-- \/module template_part -->        <\/div>\n                        <\/div>\n        <\/div>\n                        <div data-lazy=\"1\" class=\"module_row themify_builder_row tb_x7vm282 tf_w\">\n                        <div class=\"row_inner col_align_top tb_col_count_1 tf_box tf_rel\">\n                        <div data-lazy=\"1\" class=\"module_column tb-column col4-2 tb_bamc800 first\">\n                            <div data-lazy=\"1\" class=\"module_subrow themify_builder_sub_row tf_w col_align_top tb_col_count_1 tb_lqhn006\">\n                <div data-lazy=\"1\" class=\"module_column sub_column col-full tb_07b0677 first\">\n                    <!-- module plain text -->\n<div class=\"module module-plain-text tb_jtpv97 \" data-lazy=\"1\">\n        <div class=\"tb_text_wrap\">\n    <h3><center>Predbe\u017en\u00fd program<\/center><\/h3>\n<center><h5>Organiz\u00e1tori si vyhradzuj\u00fa pr\u00e1vo na&nbsp;zmeny!<\/h5><\/center>    <\/div>\n<\/div>\n<!-- \/module plain text -->        <\/div>\n                    <\/div>\n                <div data-lazy=\"1\" class=\"module_subrow themify_builder_sub_row tf_w col_align_top tb_col_count_1 tb_behh360\">\n                <div data-lazy=\"1\" class=\"module_column sub_column col-full tb_bp05360 first\">\n                    <!-- module plain text -->\n<div class=\"module module-plain-text tb_t2ng640 \" data-lazy=\"1\">\n        <div class=\"tb_text_wrap\">\n    <div class=\"ead-preview\"><div class=\"ead-document\" style=\"position: relative;padding-top: 90%;\"><div class=\"ead-iframe-wrapper\"><iframe src=\"\/\/docs.google.com\/viewer?url=https%3A%2F%2Fwww.kongres-kami.sk%2Fhalakovedni%2Fwp-content%2Fuploads%2FHalakove-dni-2023-bulletin.pdf&amp;embedded=true&amp;hl=en\" title=\"Embedded Document\" class=\"ead-iframe\" style=\"width: 100%;height: 100%;border: none;position: absolute;left: 0;top: 0;visibility: hidden;\"><\/iframe><\/div>\t\t\t<div class=\"ead-document-loading\" style=\"width:100%;height:100%;position:absolute;left:0;top:0;z-index:10;\">\n\t\t\t\t<div class=\"ead-loading-wrap\">\n\t\t\t\t\t<div class=\"ead-loading-main\">\n\t\t\t\t\t\t<div class=\"ead-loading\">\n\t\t\t\t\t\t\t<img loading=\"lazy\" decoding=\"async\" src=\"https:\/\/www.kongres-kami.sk\/halakovedni\/wp-content\/plugins\/embed-any-document\/images\/loading.svg\" width=\"55\" height=\"55\" alt=\"Loader\">\n\t\t\t\t\t\t\t<span>Load\u00ading\u2026<\/span>\n\t\t\t\t\t\t<\/div>\n\t\t\t\t\t<\/div>\n\t\t\t\t\t<div class=\"ead-loading-foot\">\n\t\t\t\t\t\t<div class=\"ead-loading-foot-title\">\n\t\t\t\t\t\t\t<img loading=\"lazy\" decoding=\"async\" src=\"https:\/\/www.kongres-kami.sk\/halakovedni\/wp-content\/plugins\/embed-any-document\/images\/EAD-logo.svg\" alt=\"EAD Logo\" width=\"36\" height=\"23\">\n\t\t\t\t\t\t\t<span>Tak\u00ading too&nbsp;long?<\/span>\n\t\t\t\t\t\t<\/div>\n\t\t\t\t\t\t<p>\n\t\t\t\t\t\t\t<\/p><div class=\"ead-document-btn ead-reload-btn\" role=\"button\">\n\t\t\t\t\t\t\t\t<img loading=\"lazy\" decoding=\"async\" src=\"https:\/\/www.kongres-kami.sk\/halakovedni\/wp-content\/plugins\/embed-any-document\/images\/reload.svg\" alt=\"Reload\" width=\"12\" height=\"12\"> Reload document&nbsp;<\/div>\n\t\t\t\t\t\t\t<span>|<\/span>\n\t\t\t\t\t\t\t<a href=\"https:\/\/www.kongres-kami.sk\/halakovedni\/wp-content\/uploads\/Halakove-dni-2023-bulletin.pdf\" class=\"ead-document-btn\" target=\"_blank\">\n\t\t\t\t\t\t\t\t<img loading=\"lazy\" decoding=\"async\" src=\"https:\/\/www.kongres-kami.sk\/halakovedni\/wp-content\/plugins\/embed-any-document\/images\/open.svg\" alt=\"Open\" width=\"12\" height=\"12\"> Open in new&nbsp;tab&nbsp;<\/a>\n\t\t\t\t\t<\/div>\n\t\t\t\t<\/div>\n\t\t\t<\/div>\n\t\t<\/div><\/div>    <\/div>\n<\/div>\n<!-- \/module plain text -->        <\/div>\n                    <\/div>\n                <div data-lazy=\"1\" class=\"module_subrow themify_builder_sub_row tf_w col_align_top col_auto_height tb_col_count_2 tb_sdz0689\">\n                <div data-lazy=\"1\" class=\"module_column sub_column col4-2 tb_l8jh820 first\">\n                    <!-- module template_part -->\n<div class=\"module module-layout-part tb_no1s594 \">\n    <div class=\"tb_layout_part_wrap tf_w\"><!--themify_builder_content-->\n    <div class=\"themify_builder_content themify_builder_content-1878 themify_builder not_editable_builder in_the_loop\" data-postid=\"1878\">\n                        <div data-lazy=\"1\" class=\"module_row themify_builder_row tb_poqi788 tf_w\">\n                        <div class=\"row_inner col_align_top tb_col_count_1 tf_box tf_rel\">\n                        <div data-lazy=\"1\" class=\"module_column tb-column col-full tb_sokg000 first\">\n                    <!-- module widget -->\n<div class=\"module module-widget tb_adsu113 noTypo \" data-lazy=\"1\" id=\"kontakt\">\n    <div class=\"widget widget_text\">\t\t\t<div class=\"textwidget\"><hr>\n<h3>ORGANIZA\u010cN\u00dd SEKRETARI\u00c1T<\/h3>\n<p><a href=\"http:\/\/www.agenturakami.sk\" target=\"_blank\" rel=\"noopener\"><strong>Agent\u00fara KAMI,&nbsp;s.&nbsp;r.&nbsp;o.<img loading=\"lazy\" decoding=\"async\" class=\"wp-image-675 alignright\" src=\"https:\/\/www.kongres-kami.sk\/halakovedni\/wp-content\/uploads\/2021\/05\/KAMI-300x145.png\" alt width=\"130\" height=\"63\" srcset=\"https:\/\/www.kongres-kami.sk\/halakovedni\/wp-content\/uploads\/2021\/05\/KAMI-300x145.png 300w, https:\/\/www.kongres-kami.sk\/halakovedni\/wp-content\/uploads\/2021\/05\/KAMI-400x193.png 400w, https:\/\/www.kongres-kami.sk\/halakovedni\/wp-content\/uploads\/2021\/05\/KAMI-1038x500.png 1038w, https:\/\/www.kongres-kami.sk\/halakovedni\/wp-content\/uploads\/2021\/05\/KAMI.png 600w\" sizes=\"auto, (max-width: 130px) 100vw, 130px\"><\/strong><\/a><br>Let\u00adn\u00e1 82 \/\u200b 75, 052 01 Spi\u0161sk\u00e1 Nov\u00e1 Ves<br><b>Mgr. Miroslava Koz\u00e1kov\u00e1<\/b>, man\u00adager<br>Tel.: <b>+421 948&nbsp;656 488<\/b><br>E\u2011mail: <a href=\"mailto:agenturakami@agenturakami.sk\">agenturakami@\u200bagenturakami.\u200bsk<\/a><\/p>\n<\/div>\n\t\t<\/div><\/div>\n<!-- \/module widget -->\n        <\/div>\n                        <\/div>\n        <\/div>\n            <\/div>\n<!--\/themify_builder_content--><\/div>\n<\/div>\n<!-- \/module template_part -->        <\/div>\n                    <div data-lazy=\"1\" class=\"module_column sub_column col4-2 tb_7qly608 last\">\n                    <!-- module template_part -->\n<div class=\"module module-layout-part tb_6o0z767 \">\n    <div class=\"tb_layout_part_wrap tf_w\"><!--themify_builder_content-->\n    <div class=\"themify_builder_content themify_builder_content-1920 themify_builder not_editable_builder in_the_loop\" data-postid=\"1920\">\n                        <div data-lazy=\"1\" class=\"module_row themify_builder_row tb_v712090 tf_w\">\n                        <div class=\"row_inner col_align_top tb_col_count_1 tf_box tf_rel\">\n                        <div data-lazy=\"1\" class=\"module_column tb-column col-full tb_6vdg014 first\">\n                    <!-- module widget -->\n<div class=\"module module-widget tb_816n721  \" data-lazy=\"1\">\n    <div class=\"widget widget_text\">\t\t\t<div class=\"textwidget\"><hr>\n<h4>ODKAZY<\/h4>\n<p><strong><a href=\"https:\/\/www.osobnyudaj.sk\/informovanie\/36706272\/sk\/zakladne-informacie\" target=\"_blank\" rel=\"noopener\"><span class=\"shortcode themify-icon \"><i class=\"themify-icon-icon\"><svg class=\"tf_fa tf-fas-arrow-alt-circle-right\" aria-hidden=\"true\" xmlns:xlink=\"http:\/\/www.w3.org\/1999\/xlink\"><use href=\"#tf-fas-arrow-alt-circle-right\" xlink:href=\"#tf-fas-arrow-alt-circle-right\" \/><\/svg><\/i><\/span>OCHRANA OSOBN\u00ddCH \u00daDAJOV<\/a><br><\/strong><strong><a href=\"https:\/\/www.agenturakami.sk\/vop\/\" target=\"_blank\" rel=\"noopener\"><span class=\"shortcode themify-icon \"><i class=\"themify-icon-icon\"><svg class=\"tf_fa tf-fas-arrow-alt-circle-right\" aria-hidden=\"true\" xmlns:xlink=\"http:\/\/www.w3.org\/1999\/xlink\"><use href=\"#tf-fas-arrow-alt-circle-right\" xlink:href=\"#tf-fas-arrow-alt-circle-right\" \/><\/svg><\/i><\/span>V\u0160EOBECN\u00c9 OBCHODN\u00c9 PODMIENKY<\/a><br><\/strong><strong><a href=\"https:\/\/www.agenturakami.sk\/platba\/\" target=\"_blank\" rel=\"noopener\"><span class=\"shortcode themify-icon \"><i class=\"themify-icon-icon\"><svg class=\"tf_fa tf-fas-arrow-alt-circle-right\" aria-hidden=\"true\" xmlns:xlink=\"http:\/\/www.w3.org\/1999\/xlink\"><use href=\"#tf-fas-arrow-alt-circle-right\" xlink:href=\"#tf-fas-arrow-alt-circle-right\" \/><\/svg><\/i><\/span>ONLINE PLATBA<\/a><\/strong><\/p>\n<\/div>\n\t\t<\/div><\/div>\n<!-- \/module widget -->\n        <\/div>\n                        <\/div>\n        <\/div>\n            <\/div>\n<!--\/themify_builder_content--><\/div>\n<\/div>\n<!-- \/module template_part -->        <\/div>\n                    <\/div>\n                <\/div>\n                        <\/div>\n        <\/div>\n        <\/div>\n<!--\/themify_builder_content-->","protected":false},"excerpt":{"rendered":"<p>XXIV. \u010cesk\u00fd a&nbsp;XIX. \u010cesko-Slov\u00adensk\u00fd kon\u00adgres sp\u00e1nkovej medic\u00edny a&nbsp;XII. Ha\u013e\u00e1kove dni 5. \u2013 7. okt\u00f3ber 2023 \u2022 hotel Hol\u00adi\u00adday Inn \u017dilina&nbsp; Menu \u00davod Inform\u00e1cie Regis\u00adtr\u00e1\u00adcia Pro\u00adgram Ubytovanie Part\u00adneri Pod\u00admi\u00aden\u00adky part\u00adner\u00adstva Pre\u00add\u00adbe\u017en\u00fd pro\u00adgram Organ\u00adiz\u00e1tori si vyhradzuj\u00fa pr\u00e1vo na&nbsp;zmeny! 5. 10. 2023&nbsp; \u0161tvr\u00adtok&nbsp; otvorenie kon\u00adgresu&nbsp; blok pred\u00adn\u00e1\u0161ok obed&nbsp; blok pred\u00adn\u00e1\u0161ok ve\u010dera s&nbsp;pro\u00adgramom 6. 10. 2023&nbsp; pia\u00adtok&nbsp; blok predn\u00e1\u0161ok&nbsp;[\u2026]<\/p>\n","protected":false},"author":1,"featured_media":0,"parent":1509,"menu_order":13,"comment_status":"closed","ping_status":"closed","template":"","meta":{"wp_typography_post_enhancements_disabled":false,"footnotes":""},"class_list":["post-1846","page","type-page","status-publish","hentry","has-post-title","has-post-date","has-post-category","has-post-tag","has-post-comment","has-post-author",""],"_links":{"self":[{"href":"https:\/\/www.kongres-kami.sk\/halakovedni\/wp-json\/wp\/v2\/pages\/1846","targetHints":{"allow":["GET"]}}],"collection":[{"href":"https:\/\/www.kongres-kami.sk\/halakovedni\/wp-json\/wp\/v2\/pages"}],"about":[{"href":"https:\/\/www.kongres-kami.sk\/halakovedni\/wp-json\/wp\/v2\/types\/page"}],"author":[{"embeddable":true,"href":"https:\/\/www.kongres-kami.sk\/halakovedni\/wp-json\/wp\/v2\/users\/1"}],"replies":[{"embeddable":true,"href":"https:\/\/www.kongres-kami.sk\/halakovedni\/wp-json\/wp\/v2\/comments?post=1846"}],"version-history":[{"count":5,"href":"https:\/\/www.kongres-kami.sk\/halakovedni\/wp-json\/wp\/v2\/pages\/1846\/revisions"}],"predecessor-version":[{"id":2351,"href":"https:\/\/www.kongres-kami.sk\/halakovedni\/wp-json\/wp\/v2\/pages\/1846\/revisions\/2351"}],"up":[{"embeddable":true,"href":"https:\/\/www.kongres-kami.sk\/halakovedni\/wp-json\/wp\/v2\/pages\/1509"}],"wp:attachment":[{"href":"https:\/\/www.kongres-kami.sk\/halakovedni\/wp-json\/wp\/v2\/media?parent=1846"}],"curies":[{"name":"wp","href":"https:\/\/api.w.org\/{rel}","templated":true}]}}