{"id":1829,"date":"2023-03-06T13:55:46","date_gmt":"2023-03-06T12:55:46","guid":{"rendered":"https:\/\/www.kongres-kami.sk\/halakovedni\/kongres-spankovej-mediciny\/registracia-copy\/"},"modified":"2023-09-12T13:21:39","modified_gmt":"2023-09-12T11:21:39","slug":"informacie","status":"publish","type":"page","link":"https:\/\/www.kongres-kami.sk\/halakovedni\/kongres\/informacie\/","title":{"rendered":"Inform\u00e1cie"},"content":{"rendered":"<!--themify_builder_content-->\n<div id=\"themify_builder_content-1829\" data-postid=\"1829\" class=\"themify_builder_content themify_builder_content-1829 themify_builder tf_clear\">\n                    <div data-lazy=\"1\" class=\"module_row themify_builder_row tb_udho500 tb_first tf_w\">\n                        <div class=\"row_inner col_align_top tb_col_count_1 tf_box tf_rel\">\n                        <div data-lazy=\"1\" class=\"module_column tb-column col4-2 tb_kvju611 first\">\n                    <!-- module template_part -->\n<div class=\"module module-layout-part tb_enw5155 \">\n    <div class=\"tb_layout_part_wrap tf_w\"><!--themify_builder_content-->\n    <div class=\"themify_builder_content themify_builder_content-1594 themify_builder not_editable_builder in_the_loop\" data-postid=\"1594\">\n                        <div data-lazy=\"1\" class=\"module_row themify_builder_row tb_nmxa613 tf_w\">\n                        <div class=\"row_inner col_align_top tb_col_count_1 tf_box tf_rel\">\n                        <div data-lazy=\"1\" class=\"module_column tb-column col-full tb_otfl111 first\">\n                    <!-- module fancy heading -->\n<div class=\"module module-fancy-heading tb_yyn6177 \" data-lazy=\"1\">\n        <h1 class=\"fancy-heading tf_textc\">\n    <span class=\"main-head tf_block\">\n                    XXIV. \u010cesk\u00fd a&nbsp;XIX. \u010cesko-Slovensk\u00fd<br>kongres sp\u00e1nkovej medic\u00edny<br>a XII. Ha\u013e\u00e1kove dni&nbsp;<\/span>\n\n    \n    <span class=\"sub-head tf_block tf_rel\">\n                    5. \u2013 7. okt\u00f3ber 2023 \u2022 hotel Holiday Inn \u017dilina&nbsp;<\/span>\n    <\/h1>\n<\/div>\n<!-- \/module fancy heading -->\n        <\/div>\n                        <\/div>\n        <\/div>\n            <\/div>\n<!--\/themify_builder_content--><\/div>\n<\/div>\n<!-- \/module template_part --><!-- module template_part -->\n<div class=\"module module-layout-part tb_nqht101 \">\n    <div class=\"tb_layout_part_wrap tf_w\"><!--themify_builder_content-->\n    <div class=\"themify_builder_content themify_builder_content-1789 themify_builder not_editable_builder in_the_loop\" data-postid=\"1789\">\n                        <div data-lazy=\"1\" class=\"module_row themify_builder_row tb_9buj422 tf_w\">\n                        <div class=\"row_inner col_align_top tb_col_count_1 tf_box tf_rel\">\n                        <div data-lazy=\"1\" class=\"module_column tb-column col-full tb_62qa422 first\">\n                    <!-- module menu -->\n<div class=\"module module-menu tb_ex2v422  mobile-menu-slide\" data-menu-style=\"mobile-menu-slide\" data-menu-breakpoint=\"800\" data-menu-direction=\"right\" data-element-id=\"tb_ex2v422\" data-lazy=\"1\">\n            <style>\n            @media(max-width:800px){\n                .tb_ex2v422 .menu-module-burger{\n                    display:inline-block\n                }\n                .tb_ex2v422 .module-menu-container{\n                    display:none\n                }\n                .tb_ex2v422 .module-menu-container.is-open{\n                    display:block\n                }\n            }\n        <\/style>\n        <a rel=\"nofollow\" href=\"#\" class=\"tf_hide menu-module-burger\">\n            <span class=\"menu-module-burger-inner tf_inline_b tf_rel\"><\/span>\n            <span class=\"screen-reader-text\">Menu<\/span>\n        <\/a>\n        \n    <div class=\"module-menu-container\"><ul id=\"menu-kongres-spankovej-mediciny\" class=\"ui tf_clearfix nav tf_rel tf_scrollbar fullwidth blue gradient\"><li id=\"menu-item-1534\" class=\"menu-item-page-1509 menu-item menu-item-type-post_type menu-item-object-page menu-item-1534\"><a href=\"https:\/\/www.kongres-kami.sk\/halakovedni\/kongres\/\">\u00davod<\/a><\/li>\n<li id=\"menu-item-1842\" class=\"menu-item-page-1829 menu-item menu-item-type-post_type menu-item-object-page menu-item-1842\"><a href=\"https:\/\/www.kongres-kami.sk\/halakovedni\/kongres\/informacie\/\">Inform\u00e1cie<\/a><\/li>\n<li id=\"menu-item-1821\" class=\"menu-item-page-1813 menu-item menu-item-type-post_type menu-item-object-page menu-item-1821\"><a href=\"https:\/\/www.kongres-kami.sk\/halakovedni\/kongres\/registracia\/\">Regis\u00adtr\u00e1\u00adcia<\/a><\/li>\n<li id=\"menu-item-1852\" class=\"menu-item-page-1846 menu-item menu-item-type-post_type menu-item-object-page menu-item-1852\"><a href=\"https:\/\/www.kongres-kami.sk\/halakovedni\/kongres\/program\/\">Pro\u00adgram<\/a><\/li>\n<li id=\"menu-item-1865\" class=\"menu-item-page-1860 menu-item menu-item-type-post_type menu-item-object-page menu-item-1865\"><a href=\"https:\/\/www.kongres-kami.sk\/halakovedni\/kongres\/ubytovanie\/\">Ubytovanie<\/a><\/li>\n<li id=\"menu-item-1778\" class=\"menu-item-page-1754 menu-item menu-item-type-post_type menu-item-object-page menu-item-has-children menu-item-1778\"><a href=\"https:\/\/www.kongres-kami.sk\/halakovedni\/kongres\/partneri\/\">Part\u00adneri<span class=\"child-arrow closed\" tabindex=\"-1\"><\/span><\/a>\n<ul class=\"sub-menu\">\n\t<li id=\"menu-item-2030\" class=\"menu-item-custom-2030 menu-item menu-item-type-custom menu-item-object-custom menu-item-2030 menu-custom-2030-parent-1778\"><a href=\"https:\/\/www.kongres-kami.sk\/halakovedni\/kongres-spankovej-mediciny\/partneri\/#partnerstvo\">Pod\u00admi\u00aden\u00adky partnerstva<\/a><\/li>\n<\/ul>\n<\/li>\n<li id=\"menu-item-1783\" class=\"menu-item-custom-1783 menu-item menu-item-type-custom menu-item-object-custom menu-item-1783\"><a href=\"#pll_switcher\">Lan\u00adguages<\/a><\/li>\n<\/ul><\/div>        <style>\n            .mobile-menu-module[data-module=\"tb_ex2v422\"]{\n                right:-300px            }\n        <\/style>\n    <\/div>\n<!-- \/module menu -->\n        <\/div>\n                        <\/div>\n        <\/div>\n            <\/div>\n<!--\/themify_builder_content--><\/div>\n<\/div>\n<!-- \/module template_part -->        <\/div>\n                        <\/div>\n        <\/div>\n                        <div data-lazy=\"1\" class=\"module_row themify_builder_row tb_ku7t770 tf_w\">\n                        <div class=\"row_inner col_align_top tb_col_count_1 tf_box tf_rel\">\n                        <div data-lazy=\"1\" class=\"module_column tb-column col4-2 tb_4mab180 first\">\n                            <div data-lazy=\"1\" class=\"module_subrow themify_builder_sub_row tf_w col_align_top tb_col_count_2 tb_2fsv380\">\n                <div data-lazy=\"1\" class=\"module_column sub_column col4-2 tb_z80p500 first\">\n                    <!-- module text -->\n<div class=\"module module-text tb_05ap109  repeat \" data-lazy=\"1\">\n        <div class=\"tb_text_wrap\">\n        <h3><img loading=\"lazy\" decoding=\"async\" class=\"size-medium wp-image-1867 alignright\" src=\"https:\/\/www.kongres-kami.sk\/halakovedni\/wp-content\/uploads\/2023\/03\/zilina-holidayinn-hotel-300x173.jpg\" alt width=\"300\" height=\"173\" srcset=\"https:\/\/www.kongres-kami.sk\/halakovedni\/wp-content\/uploads\/2023\/03\/zilina-holidayinn-hotel-300x173.jpg 300w, https:\/\/www.kongres-kami.sk\/halakovedni\/wp-content\/uploads\/2023\/03\/zilina-holidayinn-hotel-1024x589.jpg 1024w, https:\/\/www.kongres-kami.sk\/halakovedni\/wp-content\/uploads\/2023\/03\/zilina-holidayinn-hotel-768x442.jpg 768w, https:\/\/www.kongres-kami.sk\/halakovedni\/wp-content\/uploads\/2023\/03\/zilina-holidayinn-hotel-1536x883.jpg 1536w, https:\/\/www.kongres-kami.sk\/halakovedni\/wp-content\/uploads\/2023\/03\/zilina-holidayinn-hotel.jpg 2000w\" sizes=\"auto, (max-width: 300px) 100vw, 300px\"><\/h3>\n<h3>Miesto konania<\/h3>\n<p style=\"font-weight: 400;\"><a href=\"https:\/\/www.holidayinn-zilina.sk\/\" target=\"_blank\" rel=\"noopener\">Hotel HOLIDAY INN<\/a>, \u017dilina<br>\u0160portov\u00e1 2, \u017dilina, Slovensko<\/p>\n<h3>Kongresov\u00fd jazyk&nbsp;&nbsp;<\/h3>\n<p>slov\u00adensk\u00fd, anglick\u00fd, \u010desk\u00fd<\/p>    <\/div>\n<\/div>\n<!-- \/module text --><!-- module box -->\n<div class=\"module module-box tb_xwiu753  wow\" data-tf-animation=\"fadeInDownBig\" data-lazy=\"1\">\n    <div class=\"module-box-content ui rounded glossy yellow\">\n                <div class=\"tb_text_wrap\"><h4 style=\"font-weight: 400; text-align: center;\"><strong><span style=\"color: #993366; font-size: 24pt;\">PRIPRAVUJEME!<\/span><br><\/strong><strong><span style=\"color: #ff0000;\">Prehliadka mesta \u017dilina so sprievodcom<br><\/span><\/strong><strong>Kedy? &nbsp;<span style=\"color: #ff0000;\">6. 10. 2023 <\/span><\/strong>| <strong>\u010cas? <span style=\"color: #ff0000;\">16:30 \u2013 18:00 hod.<\/span><br><\/strong><strong>Odchod? <span style=\"color: #ff0000;\">Recepcia hotela Holiday Inn<\/span><\/strong><\/h4>\n<h6 style=\"font-weight: 400; text-align: center;\"><strong>Prihl\u00e1senie na mieste konferencie pri registr\u00e1cii KAMI!<\/strong><\/h6><\/div>\n    <\/div>\n<\/div>\n<!-- \/module box -->\n        <\/div>\n                    <div data-lazy=\"1\" class=\"module_column sub_column col4-2 tb_t07g286 last\">\n                    <!-- module text -->\n<div class=\"module module-text tb_uv5f599  repeat \" data-lazy=\"1\">\n        <div class=\"tb_text_wrap\">\n        <h3>Nepe\u0148a\u017en\u00e9 plnenie<\/h3>\n<p>Organ\u00adiz\u00e1t\u00ador neb\u00adude poskytova\u0165 nepe\u0148a\u017en\u00e9 plnenie pre \u00fa\u010dast\u00adn\u00edkov podu\u00adja\u00adtia (ubytovanie, doprava). Ak si \u00fa\u010dast\u00adn\u00edk hrad\u00ed regis\u00adtra\u010dn\u00fd pop\u00adla\u00adtok s\u00e1m, nem\u00e1 povin\u00adnos\u0165 odvodu zr\u00e1\u017ekovej dane za nepe\u0148a\u017en\u00e9 plnenie v&nbsp;zmysle Z\u00e1kona o&nbsp;dani z&nbsp;pr\u00edj\u00admov \u010d. <sup class=\"numerator\">595<\/sup>\u2044<sub class=\"denominator\">2003<\/sub> Z. z. v&nbsp;znen\u00ed neskor\u0161\u00edch predpisov.<\/p>\n<h3>Hodnotenie ARS&nbsp;CME<\/h3>\n<p>Kon\u00adgres je zara\u00adde\u00adn\u00fd do kon\u00adti\u00adnu\u00ad\u00e1l\u00adne\u00adho medi\u00adc\u00edn\u00adske\u00adho vzde\u00adl\u00e1\u00adva\u00adnia ARS CME. Kre\u00addi\u00adty bud\u00fa \u00fa\u010dast\u00adn\u00ed\u00adko\u00advi pri\u00adzna\u00adn\u00e9 v&nbsp;zmys\u00adle vyhl\u00e1\u0161\u00adky MZ SR 74 \/\u200b\u200b 2019 Z. z. v&nbsp;zne\u00adn\u00ed neskor\u00ad\u0161\u00edch pred\u00adpi\u00adsov a&nbsp;na z\u00e1kla\u00adde zmlu\u00advy medzi SLK, SLS a&nbsp;Eur\u00f3p\u00adskou akre\u00addi\u00adta\u010d\u00adnou radou. Potvr\u00adde\u00adnie o&nbsp;\u00fa\u010das\u00adti na vzde\u00adl\u00e1\u00adva\u00adcej akti\u00advi\u00adte CME si n\u00e1j\u00addu \u00fa\u010dast\u00adn\u00ed\u00adci na str\u00e1n\u00adke&nbsp;<a href=\"http:\/\/cmeportal.sk\/\" target=\"_blank\" rel=\"noopener\">cmeportal\u200b.sk<\/a> \u2013 po pri\u00adhl\u00e1\u00adse\u00adn\u00ed do svoj\u00adho kon\u00adta pod n\u00e1z\u00advom danej akti\u00advi\u00adty. \u00da\u010dast\u00adn\u00ed\u00adkom, kto\u00adr\u00ed nema\u00adj\u00fa vytvo\u00adre\u00adn\u00e9 kon\u00adto, za\u0161le\u00adme potvr\u00adde\u00adnie o&nbsp;\u00fa\u010das\u00adti e\u2011mailom.<\/p>    <\/div>\n<\/div>\n<!-- \/module text -->        <\/div>\n                    <\/div>\n                <div data-lazy=\"1\" class=\"module_subrow themify_builder_sub_row tf_w col_align_top col_auto_height tb_col_count_2 tb_rn5k000\">\n                <div data-lazy=\"1\" class=\"module_column sub_column col4-2 tb_zt4w513 first\">\n                    <!-- module template_part -->\n<div class=\"module module-layout-part tb_1f31796 \">\n    <div class=\"tb_layout_part_wrap tf_w\"><!--themify_builder_content-->\n    <div class=\"themify_builder_content themify_builder_content-1878 themify_builder not_editable_builder in_the_loop\" data-postid=\"1878\">\n                        <div data-lazy=\"1\" class=\"module_row themify_builder_row tb_poqi788 tf_w\">\n                        <div class=\"row_inner col_align_top tb_col_count_1 tf_box tf_rel\">\n                        <div data-lazy=\"1\" class=\"module_column tb-column col-full tb_sokg000 first\">\n                    <!-- module widget -->\n<div class=\"module module-widget tb_adsu113 noTypo \" data-lazy=\"1\" id=\"kontakt\">\n    <div class=\"widget widget_text\">\t\t\t<div class=\"textwidget\"><hr>\n<h3>ORGANIZA\u010cN\u00dd SEKRETARI\u00c1T<\/h3>\n<p><a href=\"http:\/\/www.agenturakami.sk\" target=\"_blank\" rel=\"noopener\"><strong>Agent\u00fara KAMI,&nbsp;s.&nbsp;r.&nbsp;o.<img loading=\"lazy\" decoding=\"async\" class=\"wp-image-675 alignright\" src=\"https:\/\/www.kongres-kami.sk\/halakovedni\/wp-content\/uploads\/2021\/05\/KAMI-300x145.png\" alt width=\"130\" height=\"63\" srcset=\"https:\/\/www.kongres-kami.sk\/halakovedni\/wp-content\/uploads\/2021\/05\/KAMI-300x145.png 300w, https:\/\/www.kongres-kami.sk\/halakovedni\/wp-content\/uploads\/2021\/05\/KAMI-400x193.png 400w, https:\/\/www.kongres-kami.sk\/halakovedni\/wp-content\/uploads\/2021\/05\/KAMI-1038x500.png 1038w, https:\/\/www.kongres-kami.sk\/halakovedni\/wp-content\/uploads\/2021\/05\/KAMI.png 600w\" sizes=\"auto, (max-width: 130px) 100vw, 130px\"><\/strong><\/a><br>Let\u00adn\u00e1 82 \/\u200b 75, 052 01 Spi\u0161sk\u00e1 Nov\u00e1 Ves<br><b>Mgr. Miroslava Koz\u00e1kov\u00e1<\/b>, man\u00adager<br>Tel.: <b>+421 948&nbsp;656 488<\/b><br>E\u2011mail: <a href=\"mailto:agenturakami@agenturakami.sk\">agenturakami@\u200bagenturakami.\u200bsk<\/a><\/p>\n<\/div>\n\t\t<\/div><\/div>\n<!-- \/module widget -->\n        <\/div>\n                        <\/div>\n        <\/div>\n            <\/div>\n<!--\/themify_builder_content--><\/div>\n<\/div>\n<!-- \/module template_part -->        <\/div>\n                    <div data-lazy=\"1\" class=\"module_column sub_column col4-2 tb_ektg100 last\">\n                    <!-- module widget -->\n<div class=\"module module-widget tb_zpeq030  \" data-lazy=\"1\">\n    <div class=\"widget widget_text\">\t\t\t<div class=\"textwidget\"><hr>\n<h4>ODKAZY<\/h4>\n<p><strong><a href=\"https:\/\/www.osobnyudaj.sk\/informovanie\/36706272\/sk\/zakladne-informacie\" target=\"_blank\" rel=\"noopener\"><span class=\"shortcode themify-icon \"><i class=\"themify-icon-icon\"><svg class=\"tf_fa tf-fas-arrow-alt-circle-right\" aria-hidden=\"true\" xmlns:xlink=\"http:\/\/www.w3.org\/1999\/xlink\"><use href=\"#tf-fas-arrow-alt-circle-right\" xlink:href=\"#tf-fas-arrow-alt-circle-right\" \/><\/svg><\/i><\/span>OCHRANA OSOBN\u00ddCH \u00daDAJOV<\/a><br><\/strong><strong><a href=\"https:\/\/www.agenturakami.sk\/vop\/\" target=\"_blank\" rel=\"noopener\"><span class=\"shortcode themify-icon \"><i class=\"themify-icon-icon\"><svg class=\"tf_fa tf-fas-arrow-alt-circle-right\" aria-hidden=\"true\" xmlns:xlink=\"http:\/\/www.w3.org\/1999\/xlink\"><use href=\"#tf-fas-arrow-alt-circle-right\" xlink:href=\"#tf-fas-arrow-alt-circle-right\" \/><\/svg><\/i><\/span>V\u0160EOBECN\u00c9 OBCHODN\u00c9 PODMIENKY<\/a><br><\/strong><strong><a href=\"https:\/\/www.agenturakami.sk\/platba\/\" target=\"_blank\" rel=\"noopener\"><span class=\"shortcode themify-icon \"><i class=\"themify-icon-icon\"><svg class=\"tf_fa tf-fas-arrow-alt-circle-right\" aria-hidden=\"true\" xmlns:xlink=\"http:\/\/www.w3.org\/1999\/xlink\"><use href=\"#tf-fas-arrow-alt-circle-right\" xlink:href=\"#tf-fas-arrow-alt-circle-right\" \/><\/svg><\/i><\/span>ONLINE PLATBA<\/a><\/strong><\/p>\n<\/div>\n\t\t<\/div><\/div>\n<!-- \/module widget -->\n        <\/div>\n                    <\/div>\n                <\/div>\n                        <\/div>\n        <\/div>\n        <\/div>\n<!--\/themify_builder_content-->","protected":false},"excerpt":{"rendered":"<p>XXIV. \u010cesk\u00fd a&nbsp;XIX. \u010cesko-Slov\u00adensk\u00fdkon\u00adgres sp\u00e1nkovej medic\u00ednya XII. Ha\u013e\u00e1kove dni 5. \u2013 7. okt\u00f3ber 2023 \u2022 hotel Hol\u00adi\u00adday Inn \u017dilina&nbsp; Menu \u00davod Inform\u00e1cie Regis\u00adtr\u00e1\u00adcia Pro\u00adgram Ubytovanie Part\u00adneri Pod\u00admi\u00aden\u00adky part\u00adner\u00adstva Miesto kon\u00adania Hotel HOLIDAY INN, \u017dil\u00adin\u00ada\u0160\u00adportov\u00e1 2, \u017dilina, Slov\u00adensko Kon\u00adgresov\u00fd jazyk&nbsp;&nbsp; slov\u00adensk\u00fd, anglick\u00fd, \u010desk\u00fd PRIPRAVUJEME!Prehliadka mesta \u017dilina so spriev\u00adod\u00adcomKedy? &nbsp;6. 10. 2023 | \u010cas? 16:30 \u2013 18:00 [\u2026]<\/p>\n","protected":false},"author":1,"featured_media":0,"parent":1509,"menu_order":11,"comment_status":"closed","ping_status":"closed","template":"","meta":{"wp_typography_post_enhancements_disabled":false,"footnotes":""},"class_list":["post-1829","page","type-page","status-publish","hentry","has-post-title","has-post-date","has-post-category","has-post-tag","has-post-comment","has-post-author",""],"_links":{"self":[{"href":"https:\/\/www.kongres-kami.sk\/halakovedni\/wp-json\/wp\/v2\/pages\/1829","targetHints":{"allow":["GET"]}}],"collection":[{"href":"https:\/\/www.kongres-kami.sk\/halakovedni\/wp-json\/wp\/v2\/pages"}],"about":[{"href":"https:\/\/www.kongres-kami.sk\/halakovedni\/wp-json\/wp\/v2\/types\/page"}],"author":[{"embeddable":true,"href":"https:\/\/www.kongres-kami.sk\/halakovedni\/wp-json\/wp\/v2\/users\/1"}],"replies":[{"embeddable":true,"href":"https:\/\/www.kongres-kami.sk\/halakovedni\/wp-json\/wp\/v2\/comments?post=1829"}],"version-history":[{"count":5,"href":"https:\/\/www.kongres-kami.sk\/halakovedni\/wp-json\/wp\/v2\/pages\/1829\/revisions"}],"predecessor-version":[{"id":2328,"href":"https:\/\/www.kongres-kami.sk\/halakovedni\/wp-json\/wp\/v2\/pages\/1829\/revisions\/2328"}],"up":[{"embeddable":true,"href":"https:\/\/www.kongres-kami.sk\/halakovedni\/wp-json\/wp\/v2\/pages\/1509"}],"wp:attachment":[{"href":"https:\/\/www.kongres-kami.sk\/halakovedni\/wp-json\/wp\/v2\/media?parent=1829"}],"curies":[{"name":"wp","href":"https:\/\/api.w.org\/{rel}","templated":true}]}}