{"id":1509,"date":"2023-01-24T07:16:48","date_gmt":"2023-01-24T06:16:48","guid":{"rendered":"https:\/\/www.kongres-kami.sk\/halakovedni\/?page_id=1509"},"modified":"2024-11-14T09:03:10","modified_gmt":"2024-11-14T08:03:10","slug":"kongres","status":"publish","type":"page","link":"https:\/\/www.kongres-kami.sk\/halakovedni\/kongres\/","title":{"rendered":"Kongres sp\u00e1nkovej medic\u00edny"},"content":{"rendered":"<!--themify_builder_content-->\n<div id=\"themify_builder_content-1509\" data-postid=\"1509\" class=\"themify_builder_content themify_builder_content-1509 themify_builder tf_clear\">\n                    <div data-lazy=\"1\" class=\"module_row themify_builder_row tb_8m6c851 tb_first tf_w\">\n                        <div class=\"row_inner col_align_top tb_col_count_1 tf_box tf_rel\">\n                        <div data-lazy=\"1\" class=\"module_column tb-column col-full tb_5i9m851 first\">\n                    <!-- module template_part -->\n<div class=\"module module-layout-part tb_lnot68 \">\n    <div class=\"tb_layout_part_wrap tf_w\"><!--themify_builder_content-->\n    <div class=\"themify_builder_content themify_builder_content-1594 themify_builder not_editable_builder in_the_loop\" data-postid=\"1594\">\n                        <div data-lazy=\"1\" class=\"module_row themify_builder_row tb_nmxa613 tf_w\">\n                        <div class=\"row_inner col_align_top tb_col_count_1 tf_box tf_rel\">\n                        <div data-lazy=\"1\" class=\"module_column tb-column col-full tb_otfl111 first\">\n                    <!-- module fancy heading -->\n<div class=\"module module-fancy-heading tb_yyn6177 \" data-lazy=\"1\">\n        <h1 class=\"fancy-heading tf_textc\">\n    <span class=\"main-head tf_block\">\n                    XXIV. \u010cesk\u00fd a&nbsp;XIX. \u010cesko-Slovensk\u00fd<br>kongres sp\u00e1nkovej medic\u00edny<br>a XII. Ha\u013e\u00e1kove dni&nbsp;<\/span>\n\n    \n    <span class=\"sub-head tf_block tf_rel\">\n                    5. \u2013 7. okt\u00f3ber 2023 \u2022 hotel Holiday Inn \u017dilina&nbsp;<\/span>\n    <\/h1>\n<\/div>\n<!-- \/module fancy heading -->\n        <\/div>\n                        <\/div>\n        <\/div>\n            <\/div>\n<!--\/themify_builder_content--><\/div>\n<\/div>\n<!-- \/module template_part --><!-- module template_part -->\n<div class=\"module module-layout-part tb_4bab895 \">\n    <div class=\"tb_layout_part_wrap tf_w\"><!--themify_builder_content-->\n    <div class=\"themify_builder_content themify_builder_content-1789 themify_builder not_editable_builder in_the_loop\" data-postid=\"1789\">\n                        <div data-lazy=\"1\" class=\"module_row themify_builder_row tb_9buj422 tf_w\">\n                        <div class=\"row_inner col_align_top tb_col_count_1 tf_box tf_rel\">\n                        <div data-lazy=\"1\" class=\"module_column tb-column col-full tb_62qa422 first\">\n                    <!-- module menu -->\n<div class=\"module module-menu tb_ex2v422  mobile-menu-slide\" data-menu-style=\"mobile-menu-slide\" data-menu-breakpoint=\"800\" data-menu-direction=\"right\" data-element-id=\"tb_ex2v422\" data-lazy=\"1\">\n            <style>\n            @media(max-width:800px){\n                .tb_ex2v422 .menu-module-burger{\n                    display:inline-block\n                }\n                .tb_ex2v422 .module-menu-container{\n                    display:none\n                }\n                .tb_ex2v422 .module-menu-container.is-open{\n                    display:block\n                }\n            }\n        <\/style>\n        <a rel=\"nofollow\" href=\"#\" class=\"tf_hide menu-module-burger\">\n            <span class=\"menu-module-burger-inner tf_inline_b tf_rel\"><\/span>\n            <span class=\"screen-reader-text\">Menu<\/span>\n        <\/a>\n        \n    <div class=\"module-menu-container\"><ul id=\"menu-kongres-spankovej-mediciny\" class=\"ui tf_clearfix nav tf_rel tf_scrollbar fullwidth blue gradient\"><li id=\"menu-item-1534\" class=\"menu-item-page-1509 menu-item menu-item-type-post_type menu-item-object-page menu-item-1534\"><a href=\"https:\/\/www.kongres-kami.sk\/halakovedni\/kongres\/\">\u00davod<\/a><\/li>\n<li id=\"menu-item-1842\" class=\"menu-item-page-1829 menu-item menu-item-type-post_type menu-item-object-page menu-item-1842\"><a href=\"https:\/\/www.kongres-kami.sk\/halakovedni\/kongres\/informacie\/\">Inform\u00e1cie<\/a><\/li>\n<li id=\"menu-item-1821\" class=\"menu-item-page-1813 menu-item menu-item-type-post_type menu-item-object-page menu-item-1821\"><a href=\"https:\/\/www.kongres-kami.sk\/halakovedni\/kongres\/registracia\/\">Regis\u00adtr\u00e1\u00adcia<\/a><\/li>\n<li id=\"menu-item-1852\" class=\"menu-item-page-1846 menu-item menu-item-type-post_type menu-item-object-page menu-item-1852\"><a href=\"https:\/\/www.kongres-kami.sk\/halakovedni\/kongres\/program\/\">Pro\u00adgram<\/a><\/li>\n<li id=\"menu-item-1865\" class=\"menu-item-page-1860 menu-item menu-item-type-post_type menu-item-object-page menu-item-1865\"><a href=\"https:\/\/www.kongres-kami.sk\/halakovedni\/kongres\/ubytovanie\/\">Ubytovanie<\/a><\/li>\n<li id=\"menu-item-1778\" class=\"menu-item-page-1754 menu-item menu-item-type-post_type menu-item-object-page menu-item-has-children menu-item-1778\"><a href=\"https:\/\/www.kongres-kami.sk\/halakovedni\/kongres\/partneri\/\">Part\u00adneri<span class=\"child-arrow closed\" tabindex=\"-1\"><\/span><\/a>\n<ul class=\"sub-menu\">\n\t<li id=\"menu-item-2030\" class=\"menu-item-custom-2030 menu-item menu-item-type-custom menu-item-object-custom menu-item-2030 menu-custom-2030-parent-1778\"><a href=\"https:\/\/www.kongres-kami.sk\/halakovedni\/kongres-spankovej-mediciny\/partneri\/#partnerstvo\">Pod\u00admi\u00aden\u00adky partnerstva<\/a><\/li>\n<\/ul>\n<\/li>\n<li id=\"menu-item-1783\" class=\"menu-item-custom-1783 menu-item menu-item-type-custom menu-item-object-custom menu-item-1783\"><a href=\"#pll_switcher\">Lan\u00adguages<\/a><\/li>\n<\/ul><\/div>        <style>\n            .mobile-menu-module[data-module=\"tb_ex2v422\"]{\n                right:-300px            }\n        <\/style>\n    <\/div>\n<!-- \/module menu -->\n        <\/div>\n                        <\/div>\n        <\/div>\n            <\/div>\n<!--\/themify_builder_content--><\/div>\n<\/div>\n<!-- \/module template_part -->        <\/div>\n                        <\/div>\n        <\/div>\n                        <div data-lazy=\"1\" class=\"module_row themify_builder_row tb_5jne864 tf_w\">\n                        <div class=\"row_inner col_align_top tb_col_count_1 tf_box tf_rel\">\n                        <div data-lazy=\"1\" class=\"module_column tb-column col-full tb_yvk4865 first\">\n                            <div data-lazy=\"1\" class=\"module_subrow themify_builder_sub_row tf_w col_align_top col_auto_height tb_col_count_3 tb_qge528\">\n                <div data-lazy=\"1\" class=\"module_column sub_column col3-1 tb_19mb28 first\">\n                    <!-- module text -->\n<div class=\"module module-text tb_0j49749   \" data-lazy=\"1\">\n        <div class=\"tb_text_wrap\">\n        <h3>T\u00e9my kongresu<\/h3>\n<h4>\u2022 <b>Poruchy d\u00fdchania v&nbsp;sp\u00e1nku<\/b><\/h4>\n<h4><b>\u2022 Insomnie<\/b><\/h4>\n<h4><b>\u2022 Hypersomnie<\/b><\/h4>\n<h4><b>\u2022 Narkolepsia a&nbsp;kataplexia<\/b><\/h4>\n<h4><b>\u2022 Parasomnie<\/b><\/h4>\n<h4><b>\u2022 Varia<\/b><\/h4>\n<hr>\n<h6><strong>Podujatie pod z\u00e1\u0161titou predsedn\u00ed\u010dky \u017dilinsk\u00e9ho samospr\u00e1vneho kraja Eriky Jurinovej<\/strong><\/h6>\n<p><img loading=\"lazy\" decoding=\"async\" class=\"alignnone size-medium wp-image-1695\" src=\"https:\/\/www.kongres-kami.sk\/halakovedni\/wp-content\/uploads\/2023\/02\/ZSK-negativ-300x138.png\" alt width=\"300\" height=\"138\" srcset=\"https:\/\/www.kongres-kami.sk\/halakovedni\/wp-content\/uploads\/2023\/02\/ZSK-negativ-300x138.png 300w, https:\/\/www.kongres-kami.sk\/halakovedni\/wp-content\/uploads\/2023\/02\/ZSK-negativ.png 600w\" sizes=\"auto, (max-width: 300px) 100vw, 300px\"><\/p>    <\/div>\n<\/div>\n<!-- \/module text -->        <\/div>\n                    <div data-lazy=\"1\" class=\"module_column sub_column col3-1 tb_g6fh28\">\n                    <!-- module text -->\n<div class=\"module module-text tb_o66u780   \" data-lazy=\"1\">\n        <div class=\"tb_text_wrap\">\n        <h3>Organiz\u00e1tor kongresu<\/h3>\n<p><b>Slov\u00adensk\u00e1 spo\u00adlo\u010dnos\u0165 sp\u00e1nkovej medic\u00edny,<br><\/b>organ\u00adiz\u00ada\u00ad\u010dn\u00e1 zlo\u017eka Slov\u00adenskej lek\u00e1r\u00adskej spolo\u010dnosti<\/p>\n<h3>v&nbsp;spolupr\u00e1ci<\/h3>\n<p>Jesseniova lek\u00e1r\u00adska fak\u00adulta v&nbsp;Mar\u00adtine<br>Uni\u00adverz\u00adit\u00adn\u00e1 nemoc\u00adnica Mar\u00adtin<br>Spo\u00adlok lek\u00e1rov v&nbsp;Mar\u00adtine<br>Klinika pneu\u00admol\u00f3\u00adgie a&nbsp;ftizeol\u00f3\u00adgie JLF UK a&nbsp;UNM<br>Slov\u00adensk\u00e1 komora ses\u00adti\u00ader a&nbsp;p\u00f4rod\u00adn\u00fdch asistentiek<\/p>\n<h3>Odborn\u00fd garant kongresu<\/h3>\n<p>Slov\u00adensk\u00e1 spo\u00adlo\u010dnos\u0165 sp\u00e1nkovej medic\u00edny<\/p>    <\/div>\n<\/div>\n<!-- \/module text -->        <\/div>\n                    <div data-lazy=\"1\" class=\"module_column sub_column col3-1 tb_rm2y154 last\">\n                    <!-- module text -->\n<div class=\"module module-text tb_e5oc722   \" data-lazy=\"1\">\n        <div class=\"tb_text_wrap\">\n        <h3>Koordin\u00e1tor kongresu <span class=\"Apple-converted-space\">&nbsp;<\/span><\/h3>\n<p>Doc. MUDr. R\u00f3bert Vy\u0161ehrad\u00adsk\u00fd,&nbsp;PhD.<\/p>\n<h3>Programov\u00fd v\u00fdbor<\/h3>\n<p>Prof. MUDr. Vil\u00adiam Don\u00adi\u010d, CSc.<br>Doc. MUDr. Eva Feketeov\u00e1, PhD.<br>Doc. MUDr. Pavol Joppa, PhD.<br>MUDr. Katar\u00edna Klobu\u010dn\u00edkov\u00e1, PhD.<br>Prof. MUDr. Ond\u0159ej Ludka, PhD.<br>MUDr. Imrich Muc\u00adska<br>MUDr. Jana Vysko\u010dilov\u00e1<\/p>\n<h3>Organiza\u010dn\u00fd v\u00fdbor<\/h3>\n<p>MUDr. Vladim\u00edra Bellov\u00e1<br>MUDr. Peter \u010eurd\u00edk, PhD.<br>MUDr. Ivan Kocan, PhD., MHA<br>Doc. MUDr. Igor Ondre\u00adjka,&nbsp;PhD.<\/p>    <\/div>\n<\/div>\n<!-- \/module text -->        <\/div>\n                    <\/div>\n                <div data-lazy=\"1\" class=\"module_subrow themify_builder_sub_row tf_w col_align_top tb_col_count_1 tb_b7r6644\">\n                <div data-lazy=\"1\" class=\"module_column sub_column col-full tb_xlhl644 first\">\n                    <!-- module text -->\n<div class=\"module module-text tb_892i645   \" data-lazy=\"1\">\n        <div class=\"tb_text_wrap\">\n        <p>V\u00e1\u017een\u00e9 kole\u00adgyne, kolegovia,<\/p>\n<p style=\"text-align: justify;\">dovo\u013eujeme si V\u00e1s pozva\u0165 na \u010fal\u0161\u00ed ro\u010dn\u00edk spo\u00adlo\u010dn\u00e9ho kon\u00adgresu \u010desk\u00fdch a&nbsp;slov\u00adensk\u00fdch som\u00adno\u00adl\u00f3gov. Ten\u00adtokr\u00e1t do \u0161tvrt\u00e9ho najv\u00e4\u010d\u0161ie\u00adho mesta Slov\u00adenska, centra Sever\u00adoslov\u00adensk\u00e9ho kraja \u2013 do \u017dil\u00adiny. Organ\u00adiz\u00e1tori zvolili toto miesto v&nbsp;pres\u00adved\u010den\u00ed, \u017ee svo\u00adjou polo\u00adhou a&nbsp;dopravn\u00fdm spo\u00adjen\u00edm vyt\u00advor\u00ed optim\u00e1l\u00adne logist\u00adick\u00e9 pod\u00admi\u00aden\u00adky pre v\u00e4\u010d\u0161inu \u00fa\u010dast\u00adn\u00edkov. Pon\u00faka d\u00f4sto\u00adjn\u00e9 priestory pre sam\u00adot\u00adn\u00e9 kon\u00adanie kon\u00adfer\u00adencie spo\u00adjen\u00e9 s&nbsp;dostato\u010dn\u00adou ubyto\u00adva\u00adcou kapa\u00adcit\u00adou a&nbsp;v\u00fdbornou dosi\u00adahnute\u013enos\u0165ou. Bonu\u00adsom pre mno\u00adh\u00fdch \u00fa\u010dast\u00adn\u00edkov m\u00f4\u017ee by\u0165 pr\u00edle\u017eitos\u0165 pre zozn\u00e1\u00admenie sa s&nbsp;po\u010det\u00adn\u00fdmi kult\u00farnymi, his\u00adtorick\u00ad\u00fdmi \u010di architek\u00adtonick\u00ad\u00fdmi pozor\u00aduhod\u00adnos\u0165ami tohto mesta alebo s&nbsp;kr\u00e1sami bl\u00edzkej Malej Fatry.<br>Bude n\u00e1m c\u0165ou a&nbsp;pote\u0161en\u00edm, ak prij\u00admete na\u0161e pozvanie prezentova\u0165 v\u00fdsledky V\u00e1\u0161ho v\u00fdsku\u00admu aj ka\u017e\u00addoden\u00adnej pr\u00e1ce a&nbsp;prispe\u00adjete zdie\u013ean\u00edm svojich &nbsp;vedo\u00admost\u00ed k&nbsp;roz\u0161\u00edreniu na\u0161ich odborn\u00fdch obzorov v&nbsp;pomerne mladej, av\u0161ak dynamicky sa rozv\u00ed\u00adja\u00adj\u00facej mul\u00adtidiscip\u00adlin\u00e1rnej som\u00adno\u00adl\u00f3\u00adgii.<br>V&nbsp;neposled\u00adnom rade d\u00fafame, \u017ee sa n\u00e1m podar\u00ed vyt\u00advor\u00adi\u0165 pr\u00edjem\u00adn\u00e9 pros\u00adtredie pre nad\u00adv\u00e4zovanie a&nbsp;udr\u017eiavanie kole\u00adgi\u00e1l\u00adnych vz\u0165ahov, spo\u00adlupr\u00e1ce aj osob\u00adn\u00fdch priate\u013estiev.<\/p>\n<p style=\"text-align: right;\">Dovid\u00adenia v&nbsp;\u017dil\u00adine 5. \u2013 7. 10. 2023!<br><em>Organ\u00adiz\u00ada\u00ad\u010dn\u00fd&nbsp;v\u00fdbor<\/em><\/p>    <\/div>\n<\/div>\n<!-- \/module text -->        <\/div>\n                    <\/div>\n                <div data-lazy=\"1\" class=\"module_subrow themify_builder_sub_row tf_w col_align_top col_auto_height tb_col_count_2 tb_l9hs601\">\n                <div data-lazy=\"1\" class=\"module_column sub_column col4-2 tb_l18c602 first\">\n                    <!-- module template_part -->\n<div class=\"module module-layout-part tb_ixd2385 \">\n    <div class=\"tb_layout_part_wrap tf_w\"><!--themify_builder_content-->\n    <div class=\"themify_builder_content themify_builder_content-1878 themify_builder not_editable_builder in_the_loop\" data-postid=\"1878\">\n                        <div data-lazy=\"1\" class=\"module_row themify_builder_row tb_poqi788 tf_w\">\n                        <div class=\"row_inner col_align_top tb_col_count_1 tf_box tf_rel\">\n                        <div data-lazy=\"1\" class=\"module_column tb-column col-full tb_sokg000 first\">\n                    <!-- module widget -->\n<div class=\"module module-widget tb_adsu113 noTypo \" data-lazy=\"1\" id=\"kontakt\">\n    <div class=\"widget widget_text\">\t\t\t<div class=\"textwidget\"><hr>\n<h3>ORGANIZA\u010cN\u00dd SEKRETARI\u00c1T<\/h3>\n<p><a href=\"http:\/\/www.agenturakami.sk\" target=\"_blank\" rel=\"noopener\"><strong>Agent\u00fara KAMI,&nbsp;s.&nbsp;r.&nbsp;o.<img loading=\"lazy\" decoding=\"async\" class=\"wp-image-675 alignright\" src=\"https:\/\/www.kongres-kami.sk\/halakovedni\/wp-content\/uploads\/2021\/05\/KAMI-300x145.png\" alt width=\"130\" height=\"63\" srcset=\"https:\/\/www.kongres-kami.sk\/halakovedni\/wp-content\/uploads\/2021\/05\/KAMI-300x145.png 300w, https:\/\/www.kongres-kami.sk\/halakovedni\/wp-content\/uploads\/2021\/05\/KAMI-400x193.png 400w, https:\/\/www.kongres-kami.sk\/halakovedni\/wp-content\/uploads\/2021\/05\/KAMI-1038x500.png 1038w, https:\/\/www.kongres-kami.sk\/halakovedni\/wp-content\/uploads\/2021\/05\/KAMI.png 600w\" sizes=\"auto, (max-width: 130px) 100vw, 130px\"><\/strong><\/a><br>Let\u00adn\u00e1 82 \/\u200b 75, 052 01 Spi\u0161sk\u00e1 Nov\u00e1 Ves<br><b>Mgr. Miroslava Koz\u00e1kov\u00e1<\/b>, man\u00adager<br>Tel.: <b>+421 948&nbsp;656 488<\/b><br>E\u2011mail: <a href=\"mailto:agenturakami@agenturakami.sk\">agenturakami@\u200bagenturakami.\u200bsk<\/a><\/p>\n<\/div>\n\t\t<\/div><\/div>\n<!-- \/module widget -->\n        <\/div>\n                        <\/div>\n        <\/div>\n            <\/div>\n<!--\/themify_builder_content--><\/div>\n<\/div>\n<!-- \/module template_part -->        <\/div>\n                    <div data-lazy=\"1\" class=\"module_column sub_column col4-2 tb_5cjr773 last\">\n                    <!-- module template_part -->\n<div class=\"module module-layout-part tb_epr056 \">\n    <div class=\"tb_layout_part_wrap tf_w\"><!--themify_builder_content-->\n    <div class=\"themify_builder_content themify_builder_content-1920 themify_builder not_editable_builder in_the_loop\" data-postid=\"1920\">\n                        <div data-lazy=\"1\" class=\"module_row themify_builder_row tb_v712090 tf_w\">\n                        <div class=\"row_inner col_align_top tb_col_count_1 tf_box tf_rel\">\n                        <div data-lazy=\"1\" class=\"module_column tb-column col-full tb_6vdg014 first\">\n                    <!-- module widget -->\n<div class=\"module module-widget tb_816n721  \" data-lazy=\"1\">\n    <div class=\"widget widget_text\">\t\t\t<div class=\"textwidget\"><hr>\n<h4>ODKAZY<\/h4>\n<p><strong><a href=\"https:\/\/www.osobnyudaj.sk\/informovanie\/36706272\/sk\/zakladne-informacie\" target=\"_blank\" rel=\"noopener\"><span class=\"shortcode themify-icon \"><i class=\"themify-icon-icon\"><svg class=\"tf_fa tf-fas-arrow-alt-circle-right\" aria-hidden=\"true\" xmlns:xlink=\"http:\/\/www.w3.org\/1999\/xlink\"><use href=\"#tf-fas-arrow-alt-circle-right\" xlink:href=\"#tf-fas-arrow-alt-circle-right\" \/><\/svg><\/i><\/span>OCHRANA OSOBN\u00ddCH \u00daDAJOV<\/a><br><\/strong><strong><a href=\"https:\/\/www.agenturakami.sk\/vop\/\" target=\"_blank\" rel=\"noopener\"><span class=\"shortcode themify-icon \"><i class=\"themify-icon-icon\"><svg class=\"tf_fa tf-fas-arrow-alt-circle-right\" aria-hidden=\"true\" xmlns:xlink=\"http:\/\/www.w3.org\/1999\/xlink\"><use href=\"#tf-fas-arrow-alt-circle-right\" xlink:href=\"#tf-fas-arrow-alt-circle-right\" \/><\/svg><\/i><\/span>V\u0160EOBECN\u00c9 OBCHODN\u00c9 PODMIENKY<\/a><br><\/strong><strong><a href=\"https:\/\/www.agenturakami.sk\/platba\/\" target=\"_blank\" rel=\"noopener\"><span class=\"shortcode themify-icon \"><i class=\"themify-icon-icon\"><svg class=\"tf_fa tf-fas-arrow-alt-circle-right\" aria-hidden=\"true\" xmlns:xlink=\"http:\/\/www.w3.org\/1999\/xlink\"><use href=\"#tf-fas-arrow-alt-circle-right\" xlink:href=\"#tf-fas-arrow-alt-circle-right\" \/><\/svg><\/i><\/span>ONLINE PLATBA<\/a><\/strong><\/p>\n<\/div>\n\t\t<\/div><\/div>\n<!-- \/module widget -->\n        <\/div>\n                        <\/div>\n        <\/div>\n            <\/div>\n<!--\/themify_builder_content--><\/div>\n<\/div>\n<!-- \/module template_part -->        <\/div>\n                    <\/div>\n                <\/div>\n                        <\/div>\n        <\/div>\n        <\/div>\n<!--\/themify_builder_content-->","protected":false},"excerpt":{"rendered":"<p>XXIV. \u010cesk\u00fd a&nbsp;XIX. \u010cesko-Slov\u00adensk\u00fdkon\u00adgres sp\u00e1nkovej medic\u00ednya XII. Ha\u013e\u00e1kove dni 5. \u2013 7. okt\u00f3ber 2023 \u2022 hotel Hol\u00adi\u00adday Inn \u017dilina&nbsp; Menu \u00davod Inform\u00e1cie Regis\u00adtr\u00e1\u00adcia Pro\u00adgram Ubytovanie Part\u00adneri Pod\u00admi\u00aden\u00adky part\u00adner\u00adstva T\u00e9my kon\u00adgresu \u2022 Poruchy d\u00fdch\u00adania v&nbsp;sp\u00e1nku \u2022 Insom\u00adnie \u2022 Hyper\u00adsom\u00adnie \u2022 Narko\u00adlep\u00adsia a&nbsp;kata\u00adplex\u00adia \u2022 Para\u00adsom\u00adnie \u2022 Varia Podu\u00adjatie pod z\u00e1\u0161tit\u00adou predsed\u00adn\u00ed\u010dky \u017dil\u00adin\u00adsk\u00e9ho sam\u00ado\u00ads\u00adpr\u00e1vne\u00adho kraja Eriky Jurinovej Organiz\u00e1tor&nbsp;[\u2026]<\/p>\n","protected":false},"author":1,"featured_media":0,"parent":0,"menu_order":10,"comment_status":"closed","ping_status":"closed","template":"","meta":{"wp_typography_post_enhancements_disabled":false,"footnotes":""},"class_list":["post-1509","page","type-page","status-publish","hentry","has-post-title","has-post-date","has-post-category","has-post-tag","has-post-comment","has-post-author",""],"_links":{"self":[{"href":"https:\/\/www.kongres-kami.sk\/halakovedni\/wp-json\/wp\/v2\/pages\/1509","targetHints":{"allow":["GET"]}}],"collection":[{"href":"https:\/\/www.kongres-kami.sk\/halakovedni\/wp-json\/wp\/v2\/pages"}],"about":[{"href":"https:\/\/www.kongres-kami.sk\/halakovedni\/wp-json\/wp\/v2\/types\/page"}],"author":[{"embeddable":true,"href":"https:\/\/www.kongres-kami.sk\/halakovedni\/wp-json\/wp\/v2\/users\/1"}],"replies":[{"embeddable":true,"href":"https:\/\/www.kongres-kami.sk\/halakovedni\/wp-json\/wp\/v2\/comments?post=1509"}],"version-history":[{"count":5,"href":"https:\/\/www.kongres-kami.sk\/halakovedni\/wp-json\/wp\/v2\/pages\/1509\/revisions"}],"predecessor-version":[{"id":2154,"href":"https:\/\/www.kongres-kami.sk\/halakovedni\/wp-json\/wp\/v2\/pages\/1509\/revisions\/2154"}],"wp:attachment":[{"href":"https:\/\/www.kongres-kami.sk\/halakovedni\/wp-json\/wp\/v2\/media?parent=1509"}],"curies":[{"name":"wp","href":"https:\/\/api.w.org\/{rel}","templated":true}]}}